{"id":2,"date":"2026-04-26T11:00:17","date_gmt":"2026-04-26T11:00:17","guid":{"rendered":"https:\/\/giuffrida-sexualpaedagogik.ch\/?page_id=2"},"modified":"2026-04-26T14:21:36","modified_gmt":"2026-04-26T12:21:36","slug":"sample-page","status":"publish","type":"page","link":"https:\/\/www.giuffrida-sexualpaedagogik.ch\/index.php\/sample-page\/","title":{"rendered":"Angebote"},"content":{"rendered":"\n<div class=\"wp-block-columns is-layout-flex wp-container-core-columns-is-layout-28f84493 wp-block-columns-is-layout-flex\">\n<div class=\"wp-block-column is-layout-flow wp-block-column-is-layout-flow\">\n<p>Menschen mit einer Beeintr\u00e4chtigung<\/p>\n\n\n\n<p>Begleitung im Umgang mit Sexualit\u00e4t im Alltag.<\/p>\n\n\n\n<p>Unterst\u00fctzung bei Fragen, W\u00fcnschen und Unsicherheiten rund um K\u00f6rper, Gef\u00fchle, Beziehungen und Grenzen.<\/p>\n\n\n\n<p>Mehr erfahren<\/p>\n<\/div>\n\n\n\n<div class=\"wp-block-column is-layout-flow wp-block-column-is-layout-flow\">\n<p>Fachpersonen, Teams und Institutionen<\/p>\n\n\n\n<p>Fachberatung, Workshops und Unterst\u00fctzung im Arbeitskontext.<\/p>\n\n\n\n<p>Begleitung im Umgang mit Sexualit\u00e4t, Unsicherheiten und herausfordernden Situationen im Berufsalltag.<\/p>\n\n\n\n<p>Mehr erfahren<\/p>\n<\/div>\n\n\n\n<div class=\"wp-block-column is-layout-flow wp-block-column-is-layout-flow\">\n<p>Sexualit\u00e4t, Vielfalt und pers\u00f6nliche Orientierung<\/p>\n\n\n\n<p>Begleitung im Umgang mit eigenen W\u00fcnschen, Unsicherheiten und Erfahrungen.<\/p>\n\n\n\n<p>F\u00fcr Menschen, die sich mit ihrer Sexualit\u00e4t auseinandersetzen \u2013 von ersten Fragen bis zur Reflexion von Erfahrungen.<\/p>\n\n\n\n<p>Mehr erfahren<\/p>\n<\/div>\n<\/div>\n\n\n\n<p><\/p>\n\n\n\n<p><\/p>\n","protected":false},"excerpt":{"rendered":"<p>Menschen mit einer Beeintr\u00e4chtigung Begleitung im Umgang mit Sexualit\u00e4t im Alltag. Unterst\u00fctzung bei Fragen, W\u00fcnschen und Unsicherheiten rund um K\u00f6rper, Gef\u00fchle, Beziehungen und Grenzen. Mehr erfahren Fachpersonen, Teams und Institutionen Fachberatung, Workshops und Unterst\u00fctzung im Arbeitskontext. Begleitung im Umgang mit Sexualit\u00e4t, Unsicherheiten und herausfordernden Situationen im Berufsalltag. Mehr erfahren Sexualit\u00e4t, Vielfalt und pers\u00f6nliche Orientierung Begleitung [&hellip;]<\/p>\n","protected":false},"author":1,"featured_media":0,"parent":0,"menu_order":1,"comment_status":"closed","ping_status":"open","template":"","meta":{"footnotes":""},"class_list":["post-2","page","type-page","status-publish","hentry"],"yoast_head":"<!-- This site is optimized with the Yoast SEO plugin v27.4 - https:\/\/yoast.com\/product\/yoast-seo-wordpress\/ -->\n<title>Angebote - Laurina Giuffrida - Sexualp\u00e4dagogik f\u00fcr Vielfalt<\/title>\n<meta name=\"robots\" content=\"index, follow, max-snippet:-1, max-image-preview:large, max-video-preview:-1\" \/>\n<link rel=\"canonical\" href=\"https:\/\/www.giuffrida-sexualpaedagogik.ch\/index.php\/sample-page\/\" \/>\n<meta property=\"og:locale\" content=\"de_DE\" \/>\n<meta property=\"og:type\" content=\"article\" \/>\n<meta property=\"og:title\" content=\"Angebote - Laurina Giuffrida - Sexualp\u00e4dagogik f\u00fcr Vielfalt\" \/>\n<meta property=\"og:description\" content=\"Menschen mit einer Beeintr\u00e4chtigung Begleitung im Umgang mit Sexualit\u00e4t im Alltag. Unterst\u00fctzung bei Fragen, W\u00fcnschen und Unsicherheiten rund um K\u00f6rper, Gef\u00fchle, Beziehungen und Grenzen. Mehr erfahren Fachpersonen, Teams und Institutionen Fachberatung, Workshops und Unterst\u00fctzung im Arbeitskontext. Begleitung im Umgang mit Sexualit\u00e4t, Unsicherheiten und herausfordernden Situationen im Berufsalltag. Mehr erfahren Sexualit\u00e4t, Vielfalt und pers\u00f6nliche Orientierung Begleitung [&hellip;]\" \/>\n<meta property=\"og:url\" content=\"https:\/\/www.giuffrida-sexualpaedagogik.ch\/index.php\/sample-page\/\" \/>\n<meta property=\"og:site_name\" content=\"Laurina Giuffrida - Sexualp\u00e4dagogik f\u00fcr Vielfalt\" \/>\n<meta property=\"article:modified_time\" content=\"2026-04-26T12:21:36+00:00\" \/>\n<meta name=\"twitter:card\" content=\"summary_large_image\" \/>\n<meta name=\"twitter:label1\" content=\"Gesch\u00e4tzte Lesezeit\" \/>\n\t<meta name=\"twitter:data1\" content=\"1\u00a0Minute\" \/>\n<script type=\"application\/ld+json\" class=\"yoast-schema-graph\">{\"@context\":\"https:\\\/\\\/schema.org\",\"@graph\":[{\"@type\":\"WebPage\",\"@id\":\"https:\\\/\\\/www.giuffrida-sexualpaedagogik.ch\\\/index.php\\\/sample-page\\\/\",\"url\":\"https:\\\/\\\/www.giuffrida-sexualpaedagogik.ch\\\/index.php\\\/sample-page\\\/\",\"name\":\"Angebote - Laurina Giuffrida - Sexualp\u00e4dagogik f\u00fcr Vielfalt\",\"isPartOf\":{\"@id\":\"https:\\\/\\\/www.giuffrida-sexualpaedagogik.ch\\\/#website\"},\"datePublished\":\"2026-04-26T11:00:17+00:00\",\"dateModified\":\"2026-04-26T12:21:36+00:00\",\"breadcrumb\":{\"@id\":\"https:\\\/\\\/www.giuffrida-sexualpaedagogik.ch\\\/index.php\\\/sample-page\\\/#breadcrumb\"},\"inLanguage\":\"de-CH\",\"potentialAction\":[{\"@type\":\"ReadAction\",\"target\":[\"https:\\\/\\\/www.giuffrida-sexualpaedagogik.ch\\\/index.php\\\/sample-page\\\/\"]}]},{\"@type\":\"BreadcrumbList\",\"@id\":\"https:\\\/\\\/www.giuffrida-sexualpaedagogik.ch\\\/index.php\\\/sample-page\\\/#breadcrumb\",\"itemListElement\":[{\"@type\":\"ListItem\",\"position\":1,\"name\":\"Startseite\",\"item\":\"https:\\\/\\\/www.giuffrida-sexualpaedagogik.ch\\\/\"},{\"@type\":\"ListItem\",\"position\":2,\"name\":\"Angebote\"}]},{\"@type\":\"WebSite\",\"@id\":\"https:\\\/\\\/www.giuffrida-sexualpaedagogik.ch\\\/#website\",\"url\":\"https:\\\/\\\/www.giuffrida-sexualpaedagogik.ch\\\/\",\"name\":\"Laurina Giuffrida - Sexualp\u00e4dagogik f\u00fcr Vielfalt\",\"description\":\"\",\"potentialAction\":[{\"@type\":\"SearchAction\",\"target\":{\"@type\":\"EntryPoint\",\"urlTemplate\":\"https:\\\/\\\/www.giuffrida-sexualpaedagogik.ch\\\/?s={search_term_string}\"},\"query-input\":{\"@type\":\"PropertyValueSpecification\",\"valueRequired\":true,\"valueName\":\"search_term_string\"}}],\"inLanguage\":\"de-CH\"}]}<\/script>\n<!-- \/ Yoast SEO plugin. -->","yoast_head_json":{"title":"Angebote - Laurina Giuffrida - Sexualp\u00e4dagogik f\u00fcr Vielfalt","robots":{"index":"index","follow":"follow","max-snippet":"max-snippet:-1","max-image-preview":"max-image-preview:large","max-video-preview":"max-video-preview:-1"},"canonical":"https:\/\/www.giuffrida-sexualpaedagogik.ch\/index.php\/sample-page\/","og_locale":"de_DE","og_type":"article","og_title":"Angebote - Laurina Giuffrida - Sexualp\u00e4dagogik f\u00fcr Vielfalt","og_description":"Menschen mit einer Beeintr\u00e4chtigung Begleitung im Umgang mit Sexualit\u00e4t im Alltag. Unterst\u00fctzung bei Fragen, W\u00fcnschen und Unsicherheiten rund um K\u00f6rper, Gef\u00fchle, Beziehungen und Grenzen. Mehr erfahren Fachpersonen, Teams und Institutionen Fachberatung, Workshops und Unterst\u00fctzung im Arbeitskontext. Begleitung im Umgang mit Sexualit\u00e4t, Unsicherheiten und herausfordernden Situationen im Berufsalltag. Mehr erfahren Sexualit\u00e4t, Vielfalt und pers\u00f6nliche Orientierung Begleitung [&hellip;]","og_url":"https:\/\/www.giuffrida-sexualpaedagogik.ch\/index.php\/sample-page\/","og_site_name":"Laurina Giuffrida - Sexualp\u00e4dagogik f\u00fcr Vielfalt","article_modified_time":"2026-04-26T12:21:36+00:00","twitter_card":"summary_large_image","twitter_misc":{"Gesch\u00e4tzte Lesezeit":"1\u00a0Minute"},"schema":{"@context":"https:\/\/schema.org","@graph":[{"@type":"WebPage","@id":"https:\/\/www.giuffrida-sexualpaedagogik.ch\/index.php\/sample-page\/","url":"https:\/\/www.giuffrida-sexualpaedagogik.ch\/index.php\/sample-page\/","name":"Angebote - Laurina Giuffrida - Sexualp\u00e4dagogik f\u00fcr Vielfalt","isPartOf":{"@id":"https:\/\/www.giuffrida-sexualpaedagogik.ch\/#website"},"datePublished":"2026-04-26T11:00:17+00:00","dateModified":"2026-04-26T12:21:36+00:00","breadcrumb":{"@id":"https:\/\/www.giuffrida-sexualpaedagogik.ch\/index.php\/sample-page\/#breadcrumb"},"inLanguage":"de-CH","potentialAction":[{"@type":"ReadAction","target":["https:\/\/www.giuffrida-sexualpaedagogik.ch\/index.php\/sample-page\/"]}]},{"@type":"BreadcrumbList","@id":"https:\/\/www.giuffrida-sexualpaedagogik.ch\/index.php\/sample-page\/#breadcrumb","itemListElement":[{"@type":"ListItem","position":1,"name":"Startseite","item":"https:\/\/www.giuffrida-sexualpaedagogik.ch\/"},{"@type":"ListItem","position":2,"name":"Angebote"}]},{"@type":"WebSite","@id":"https:\/\/www.giuffrida-sexualpaedagogik.ch\/#website","url":"https:\/\/www.giuffrida-sexualpaedagogik.ch\/","name":"Laurina Giuffrida - Sexualp\u00e4dagogik f\u00fcr Vielfalt","description":"","potentialAction":[{"@type":"SearchAction","target":{"@type":"EntryPoint","urlTemplate":"https:\/\/www.giuffrida-sexualpaedagogik.ch\/?s={search_term_string}"},"query-input":{"@type":"PropertyValueSpecification","valueRequired":true,"valueName":"search_term_string"}}],"inLanguage":"de-CH"}]}},"_links":{"self":[{"href":"https:\/\/www.giuffrida-sexualpaedagogik.ch\/index.php\/wp-json\/wp\/v2\/pages\/2","targetHints":{"allow":["GET"]}}],"collection":[{"href":"https:\/\/www.giuffrida-sexualpaedagogik.ch\/index.php\/wp-json\/wp\/v2\/pages"}],"about":[{"href":"https:\/\/www.giuffrida-sexualpaedagogik.ch\/index.php\/wp-json\/wp\/v2\/types\/page"}],"author":[{"embeddable":true,"href":"https:\/\/www.giuffrida-sexualpaedagogik.ch\/index.php\/wp-json\/wp\/v2\/users\/1"}],"replies":[{"embeddable":true,"href":"https:\/\/www.giuffrida-sexualpaedagogik.ch\/index.php\/wp-json\/wp\/v2\/comments?post=2"}],"version-history":[{"count":1,"href":"https:\/\/www.giuffrida-sexualpaedagogik.ch\/index.php\/wp-json\/wp\/v2\/pages\/2\/revisions"}],"predecessor-version":[{"id":10,"href":"https:\/\/www.giuffrida-sexualpaedagogik.ch\/index.php\/wp-json\/wp\/v2\/pages\/2\/revisions\/10"}],"wp:attachment":[{"href":"https:\/\/www.giuffrida-sexualpaedagogik.ch\/index.php\/wp-json\/wp\/v2\/media?parent=2"}],"curies":[{"name":"wp","href":"https:\/\/api.w.org\/{rel}","templated":true}]}}