{"id":15,"date":"2026-04-26T13:38:06","date_gmt":"2026-04-26T11:38:06","guid":{"rendered":"https:\/\/www.giuffrida-sexualpaedagogik.ch\/?page_id=15"},"modified":"2026-04-26T14:36:48","modified_gmt":"2026-04-26T12:36:48","slug":"fachpersonen-teams-und-institutionen","status":"publish","type":"page","link":"https:\/\/www.giuffrida-sexualpaedagogik.ch\/index.php\/sample-page\/fachpersonen-teams-und-institutionen\/","title":{"rendered":"Fachpersonen, Teams und Institutionen"},"content":{"rendered":"\n<p>Ich unterst\u00fctze Fachpersonen, Teams und Institutionen, die mit erwachsenen Menschen arbeiten, im Umgang mit Sexualit\u00e4t im beruflichen Alltag.&nbsp;<\/p>\n\n\n\n<p>Dabei geht es um konkrete Fragestellungen und Unsicherheiten im Arbeitskontext.&nbsp;<br>Gemeinsam schauen wir, was im jeweiligen Setting hilfreich ist und welche n\u00e4chsten Schritte sinnvoll sein k\u00f6nnen.<\/p>\n\n\n\n<h2 class=\"wp-block-heading\">Angebote<\/h2>\n\n\n\n<ul class=\"wp-block-list\">\n<li>Fachberatung bei konkreten Fragestellungen<\/li>\n\n\n\n<li>Unterst\u00fctzung bei Fallbesprechungen<\/li>\n\n\n\n<li>Workshops und Schulungen f\u00fcr Teams<\/li>\n\n\n\n<li>Inputs und Referate<\/li>\n<\/ul>\n\n\n\n<h2 class=\"wp-block-heading\">M\u00f6gliche Themen<\/h2>\n\n\n\n<ul class=\"wp-block-list\">\n<li>Umgang mit sexuellen Bed\u00fcrfnissen von betreuten Personen (inkl. Rolle als Fachperson)<\/li>\n\n\n\n<li>Kommunikation im Team zu sensiblen Themen<\/li>\n\n\n\n<li>Umgang mit Grenzverletzungen (pr\u00e4ventiv)<\/li>\n\n\n\n<li>N\u00e4he und Distanz im professionellen Kontext<\/li>\n\n\n\n<li>Sensibilisierung f\u00fcr Sexualit\u00e4t in Institutionen<\/li>\n\n\n\n<li>Vielfalt von Beziehungen und Lebensweisen (inkl. Kink und BDSM)<\/li>\n\n\n\n<li>Konsens und Selbstbestimmung<\/li>\n\n\n\n<li>Inklusion durch Sprache (z.B. Gendersprache)<\/li>\n\n\n\n<li>Umgang mit den eigenen Grenzen als Fachperson<\/li>\n<\/ul>\n\n\n\n<h2 class=\"wp-block-heading\">Formate<\/h2>\n\n\n\n<ul class=\"wp-block-list\">\n<li>Fachberatung<\/li>\n\n\n\n<li>Workshops und Schulungen<\/li>\n\n\n\n<li>Inputs und Referate<\/li>\n<\/ul>\n\n\n\n<h2 class=\"wp-block-heading\">Rahmen<\/h2>\n\n\n\n<p>Die Zusammenarbeit findet in der Regel vor Ort in der jeweiligen Institution statt.<\/p>\n\n\n\n<h2 class=\"wp-block-heading\">Arbeitsweise<\/h2>\n\n\n\n<p>Ich arbeite praxisnah und orientiert an den konkreten Fragestellungen aus dem Arbeitsalltag.\u00a0<br>Dabei ist es mir wichtig, Unsicherheiten ernst zu nehmen und Fachpersonen, Teams und Institutionen auf ihrem Entwicklungsweg zu passenden Handlungsm\u00f6glichkeiten zu unterst\u00fctzen.<\/p>\n\n\n\n<p>Workshops und Schulungen gestalte ich lebendig und praxisbezogen. Dabei ist es mir wichtig, dass Teilnehmende aktiv mitwirken k\u00f6nnen.<\/p>\n","protected":false},"excerpt":{"rendered":"<p>Ich unterst\u00fctze Fachpersonen, Teams und Institutionen, die mit erwachsenen Menschen arbeiten, im Umgang mit Sexualit\u00e4t im beruflichen Alltag.&nbsp; Dabei geht es um konkrete Fragestellungen und Unsicherheiten im Arbeitskontext.&nbsp;Gemeinsam schauen wir, was im jeweiligen Setting hilfreich ist und welche n\u00e4chsten Schritte sinnvoll sein k\u00f6nnen. Angebote M\u00f6gliche Themen Formate Rahmen Die Zusammenarbeit findet in der Regel vor [&hellip;]<\/p>\n","protected":false},"author":2,"featured_media":0,"parent":2,"menu_order":3,"comment_status":"closed","ping_status":"closed","template":"","meta":{"footnotes":""},"class_list":["post-15","page","type-page","status-publish","hentry"],"yoast_head":"<!-- This site is optimized with the Yoast SEO plugin v27.4 - https:\/\/yoast.com\/product\/yoast-seo-wordpress\/ -->\n<title>Fachpersonen, Teams und Institutionen - Laurina Giuffrida - Sexualp\u00e4dagogik f\u00fcr Vielfalt<\/title>\n<meta name=\"robots\" content=\"index, follow, max-snippet:-1, max-image-preview:large, max-video-preview:-1\" \/>\n<link rel=\"canonical\" href=\"https:\/\/www.giuffrida-sexualpaedagogik.ch\/index.php\/sample-page\/fachpersonen-teams-und-institutionen\/\" \/>\n<meta property=\"og:locale\" content=\"de_DE\" \/>\n<meta property=\"og:type\" content=\"article\" \/>\n<meta property=\"og:title\" content=\"Fachpersonen, Teams und Institutionen - Laurina Giuffrida - Sexualp\u00e4dagogik f\u00fcr Vielfalt\" \/>\n<meta property=\"og:description\" content=\"Ich unterst\u00fctze Fachpersonen, Teams und Institutionen, die mit erwachsenen Menschen arbeiten, im Umgang mit Sexualit\u00e4t im beruflichen Alltag.&nbsp; Dabei geht es um konkrete Fragestellungen und Unsicherheiten im Arbeitskontext.&nbsp;Gemeinsam schauen wir, was im jeweiligen Setting hilfreich ist und welche n\u00e4chsten Schritte sinnvoll sein k\u00f6nnen. Angebote M\u00f6gliche Themen Formate Rahmen Die Zusammenarbeit findet in der Regel vor [&hellip;]\" \/>\n<meta property=\"og:url\" content=\"https:\/\/www.giuffrida-sexualpaedagogik.ch\/index.php\/sample-page\/fachpersonen-teams-und-institutionen\/\" \/>\n<meta property=\"og:site_name\" content=\"Laurina Giuffrida - Sexualp\u00e4dagogik f\u00fcr Vielfalt\" \/>\n<meta property=\"article:modified_time\" content=\"2026-04-26T12:36:48+00:00\" \/>\n<meta name=\"twitter:card\" content=\"summary_large_image\" \/>\n<meta name=\"twitter:label1\" content=\"Gesch\u00e4tzte Lesezeit\" \/>\n\t<meta name=\"twitter:data1\" content=\"2\u00a0Minuten\" \/>\n<script type=\"application\/ld+json\" class=\"yoast-schema-graph\">{\"@context\":\"https:\\\/\\\/schema.org\",\"@graph\":[{\"@type\":\"WebPage\",\"@id\":\"https:\\\/\\\/www.giuffrida-sexualpaedagogik.ch\\\/index.php\\\/sample-page\\\/fachpersonen-teams-und-institutionen\\\/\",\"url\":\"https:\\\/\\\/www.giuffrida-sexualpaedagogik.ch\\\/index.php\\\/sample-page\\\/fachpersonen-teams-und-institutionen\\\/\",\"name\":\"Fachpersonen, Teams und Institutionen - Laurina Giuffrida - Sexualp\u00e4dagogik f\u00fcr Vielfalt\",\"isPartOf\":{\"@id\":\"https:\\\/\\\/www.giuffrida-sexualpaedagogik.ch\\\/#website\"},\"datePublished\":\"2026-04-26T11:38:06+00:00\",\"dateModified\":\"2026-04-26T12:36:48+00:00\",\"breadcrumb\":{\"@id\":\"https:\\\/\\\/www.giuffrida-sexualpaedagogik.ch\\\/index.php\\\/sample-page\\\/fachpersonen-teams-und-institutionen\\\/#breadcrumb\"},\"inLanguage\":\"de-CH\",\"potentialAction\":[{\"@type\":\"ReadAction\",\"target\":[\"https:\\\/\\\/www.giuffrida-sexualpaedagogik.ch\\\/index.php\\\/sample-page\\\/fachpersonen-teams-und-institutionen\\\/\"]}]},{\"@type\":\"BreadcrumbList\",\"@id\":\"https:\\\/\\\/www.giuffrida-sexualpaedagogik.ch\\\/index.php\\\/sample-page\\\/fachpersonen-teams-und-institutionen\\\/#breadcrumb\",\"itemListElement\":[{\"@type\":\"ListItem\",\"position\":1,\"name\":\"Startseite\",\"item\":\"https:\\\/\\\/www.giuffrida-sexualpaedagogik.ch\\\/\"},{\"@type\":\"ListItem\",\"position\":2,\"name\":\"Angebote\",\"item\":\"https:\\\/\\\/www.giuffrida-sexualpaedagogik.ch\\\/index.php\\\/sample-page\\\/\"},{\"@type\":\"ListItem\",\"position\":3,\"name\":\"Fachpersonen, Teams und Institutionen\"}]},{\"@type\":\"WebSite\",\"@id\":\"https:\\\/\\\/www.giuffrida-sexualpaedagogik.ch\\\/#website\",\"url\":\"https:\\\/\\\/www.giuffrida-sexualpaedagogik.ch\\\/\",\"name\":\"Laurina Giuffrida - Sexualp\u00e4dagogik f\u00fcr Vielfalt\",\"description\":\"\",\"potentialAction\":[{\"@type\":\"SearchAction\",\"target\":{\"@type\":\"EntryPoint\",\"urlTemplate\":\"https:\\\/\\\/www.giuffrida-sexualpaedagogik.ch\\\/?s={search_term_string}\"},\"query-input\":{\"@type\":\"PropertyValueSpecification\",\"valueRequired\":true,\"valueName\":\"search_term_string\"}}],\"inLanguage\":\"de-CH\"}]}<\/script>\n<!-- \/ Yoast SEO plugin. -->","yoast_head_json":{"title":"Fachpersonen, Teams und Institutionen - Laurina Giuffrida - Sexualp\u00e4dagogik f\u00fcr Vielfalt","robots":{"index":"index","follow":"follow","max-snippet":"max-snippet:-1","max-image-preview":"max-image-preview:large","max-video-preview":"max-video-preview:-1"},"canonical":"https:\/\/www.giuffrida-sexualpaedagogik.ch\/index.php\/sample-page\/fachpersonen-teams-und-institutionen\/","og_locale":"de_DE","og_type":"article","og_title":"Fachpersonen, Teams und Institutionen - Laurina Giuffrida - Sexualp\u00e4dagogik f\u00fcr Vielfalt","og_description":"Ich unterst\u00fctze Fachpersonen, Teams und Institutionen, die mit erwachsenen Menschen arbeiten, im Umgang mit Sexualit\u00e4t im beruflichen Alltag.&nbsp; Dabei geht es um konkrete Fragestellungen und Unsicherheiten im Arbeitskontext.&nbsp;Gemeinsam schauen wir, was im jeweiligen Setting hilfreich ist und welche n\u00e4chsten Schritte sinnvoll sein k\u00f6nnen. Angebote M\u00f6gliche Themen Formate Rahmen Die Zusammenarbeit findet in der Regel vor [&hellip;]","og_url":"https:\/\/www.giuffrida-sexualpaedagogik.ch\/index.php\/sample-page\/fachpersonen-teams-und-institutionen\/","og_site_name":"Laurina Giuffrida - Sexualp\u00e4dagogik f\u00fcr Vielfalt","article_modified_time":"2026-04-26T12:36:48+00:00","twitter_card":"summary_large_image","twitter_misc":{"Gesch\u00e4tzte Lesezeit":"2\u00a0Minuten"},"schema":{"@context":"https:\/\/schema.org","@graph":[{"@type":"WebPage","@id":"https:\/\/www.giuffrida-sexualpaedagogik.ch\/index.php\/sample-page\/fachpersonen-teams-und-institutionen\/","url":"https:\/\/www.giuffrida-sexualpaedagogik.ch\/index.php\/sample-page\/fachpersonen-teams-und-institutionen\/","name":"Fachpersonen, Teams und Institutionen - Laurina Giuffrida - Sexualp\u00e4dagogik f\u00fcr Vielfalt","isPartOf":{"@id":"https:\/\/www.giuffrida-sexualpaedagogik.ch\/#website"},"datePublished":"2026-04-26T11:38:06+00:00","dateModified":"2026-04-26T12:36:48+00:00","breadcrumb":{"@id":"https:\/\/www.giuffrida-sexualpaedagogik.ch\/index.php\/sample-page\/fachpersonen-teams-und-institutionen\/#breadcrumb"},"inLanguage":"de-CH","potentialAction":[{"@type":"ReadAction","target":["https:\/\/www.giuffrida-sexualpaedagogik.ch\/index.php\/sample-page\/fachpersonen-teams-und-institutionen\/"]}]},{"@type":"BreadcrumbList","@id":"https:\/\/www.giuffrida-sexualpaedagogik.ch\/index.php\/sample-page\/fachpersonen-teams-und-institutionen\/#breadcrumb","itemListElement":[{"@type":"ListItem","position":1,"name":"Startseite","item":"https:\/\/www.giuffrida-sexualpaedagogik.ch\/"},{"@type":"ListItem","position":2,"name":"Angebote","item":"https:\/\/www.giuffrida-sexualpaedagogik.ch\/index.php\/sample-page\/"},{"@type":"ListItem","position":3,"name":"Fachpersonen, Teams und Institutionen"}]},{"@type":"WebSite","@id":"https:\/\/www.giuffrida-sexualpaedagogik.ch\/#website","url":"https:\/\/www.giuffrida-sexualpaedagogik.ch\/","name":"Laurina Giuffrida - Sexualp\u00e4dagogik f\u00fcr Vielfalt","description":"","potentialAction":[{"@type":"SearchAction","target":{"@type":"EntryPoint","urlTemplate":"https:\/\/www.giuffrida-sexualpaedagogik.ch\/?s={search_term_string}"},"query-input":{"@type":"PropertyValueSpecification","valueRequired":true,"valueName":"search_term_string"}}],"inLanguage":"de-CH"}]}},"_links":{"self":[{"href":"https:\/\/www.giuffrida-sexualpaedagogik.ch\/index.php\/wp-json\/wp\/v2\/pages\/15","targetHints":{"allow":["GET"]}}],"collection":[{"href":"https:\/\/www.giuffrida-sexualpaedagogik.ch\/index.php\/wp-json\/wp\/v2\/pages"}],"about":[{"href":"https:\/\/www.giuffrida-sexualpaedagogik.ch\/index.php\/wp-json\/wp\/v2\/types\/page"}],"author":[{"embeddable":true,"href":"https:\/\/www.giuffrida-sexualpaedagogik.ch\/index.php\/wp-json\/wp\/v2\/users\/2"}],"replies":[{"embeddable":true,"href":"https:\/\/www.giuffrida-sexualpaedagogik.ch\/index.php\/wp-json\/wp\/v2\/comments?post=15"}],"version-history":[{"count":1,"href":"https:\/\/www.giuffrida-sexualpaedagogik.ch\/index.php\/wp-json\/wp\/v2\/pages\/15\/revisions"}],"predecessor-version":[{"id":16,"href":"https:\/\/www.giuffrida-sexualpaedagogik.ch\/index.php\/wp-json\/wp\/v2\/pages\/15\/revisions\/16"}],"up":[{"embeddable":true,"href":"https:\/\/www.giuffrida-sexualpaedagogik.ch\/index.php\/wp-json\/wp\/v2\/pages\/2"}],"wp:attachment":[{"href":"https:\/\/www.giuffrida-sexualpaedagogik.ch\/index.php\/wp-json\/wp\/v2\/media?parent=15"}],"curies":[{"name":"wp","href":"https:\/\/api.w.org\/{rel}","templated":true}]}}