{"id":13,"date":"2026-04-26T13:30:24","date_gmt":"2026-04-26T11:30:24","guid":{"rendered":"https:\/\/www.giuffrida-sexualpaedagogik.ch\/?page_id=13"},"modified":"2026-04-26T14:36:27","modified_gmt":"2026-04-26T12:36:27","slug":"menschen-mit-einer-beeintraechtigung","status":"publish","type":"page","link":"https:\/\/www.giuffrida-sexualpaedagogik.ch\/index.php\/sample-page\/menschen-mit-einer-beeintraechtigung\/","title":{"rendered":"Menschen mit einer Beeintr\u00e4chtigung"},"content":{"rendered":"\n<p>Ich begleite Menschen mit einer Beeintr\u00e4chtigung im Umgang mit ihrer Sexualit\u00e4t.\u00a0<\/p>\n\n\n\n<p>Dabei geht es um Fragen, W\u00fcnsche oder Unsicherheiten rund um K\u00f6rper, Gef\u00fchle, Beziehungen, N\u00e4he und Grenzen.\u00a0<\/p>\n\n\n\n<p>Gemeinsam schauen wir, was du brauchst und wie ich dich darin unterst\u00fctzen kann.<\/p>\n\n\n\n<h2 class=\"wp-block-heading\">M\u00f6gliche Themen<\/h2>\n\n\n\n<ul class=\"wp-block-list\">\n<li>K\u00f6rper, Gef\u00fchle und Sexualit\u00e4t\u00a0<\/li>\n\n\n\n<li>N\u00e4he, Distanz und Grenzen<\/li>\n\n\n\n<li>Konsens und Selbstbestimmung<\/li>\n\n\n\n<li>Beziehung, Verliebtsein und Partnerschaft<\/li>\n\n\n\n<li>W\u00fcnsche und Bed\u00fcrfnisse\u00a0<\/li>\n\n\n\n<li>Verh\u00fctung und Schutz<\/li>\n\n\n\n<li>sexuelle Rechte<\/li>\n\n\n\n<li>Umgang mit Unsicherheiten<\/li>\n\n\n\n<li>Unterst\u00fctzung im Alltag rund um Beziehungen, N\u00e4he und Sexualit\u00e4t<\/li>\n\n\n\n<li>Umgang mit Social Media<\/li>\n\n\n\n<li>Vielfalt von Beziehungen und Lebensweisen (inkl. Kink und BDSM)<\/li>\n<\/ul>\n\n\n\n<h2 class=\"wp-block-heading\">Formate<\/h2>\n\n\n\n<ul class=\"wp-block-list\">\n<li>Einzelgespr\u00e4che\u00a0<\/li>\n\n\n\n<li>Begleitung \u00fcber mehrere Termine<\/li>\n\n\n\n<li>Gespr\u00e4che gemeinsam mit Partner:innen oder Bezugspersonen<\/li>\n\n\n\n<li>Workshops in Gruppen<\/li>\n<\/ul>\n\n\n\n<h2 class=\"wp-block-heading\">Rahmen<\/h2>\n\n\n\n<p>Termine finden in der Regel vor Ort im gewohnten Umfeld statt (z.B. in der Institution oder Wohngruppe).\u00a0<\/p>\n\n\n\n<p>Auf Wunsch kann auch ein externer Raum organisiert werden.<\/p>\n\n\n\n<h2 class=\"wp-block-heading\">Arbeitsweise<\/h2>\n\n\n\n<p>Ich arbeite verst\u00e4ndlich, respektvoll und praxisnah.\u00a0<\/p>\n\n\n\n<p>Dabei orientiere ich mich an den individuellen Bed\u00fcrfnissen und Ressourcen der Menschen, mit denen ich arbeite und setze unterschiedliche Hilfsmittel ein.<\/p>\n","protected":false},"excerpt":{"rendered":"<p>Ich begleite Menschen mit einer Beeintr\u00e4chtigung im Umgang mit ihrer Sexualit\u00e4t.\u00a0 Dabei geht es um Fragen, W\u00fcnsche oder Unsicherheiten rund um K\u00f6rper, Gef\u00fchle, Beziehungen, N\u00e4he und Grenzen.\u00a0 Gemeinsam schauen wir, was du brauchst und wie ich dich darin unterst\u00fctzen kann. M\u00f6gliche Themen Formate Rahmen Termine finden in der Regel vor Ort im gewohnten Umfeld statt [&hellip;]<\/p>\n","protected":false},"author":2,"featured_media":0,"parent":2,"menu_order":2,"comment_status":"closed","ping_status":"closed","template":"","meta":{"footnotes":""},"class_list":["post-13","page","type-page","status-publish","hentry"],"yoast_head":"<!-- This site is optimized with the Yoast SEO plugin v27.4 - https:\/\/yoast.com\/product\/yoast-seo-wordpress\/ -->\n<title>Menschen mit einer Beeintr\u00e4chtigung - Laurina Giuffrida - Sexualp\u00e4dagogik f\u00fcr Vielfalt<\/title>\n<meta name=\"robots\" content=\"index, follow, max-snippet:-1, max-image-preview:large, max-video-preview:-1\" \/>\n<link rel=\"canonical\" href=\"https:\/\/www.giuffrida-sexualpaedagogik.ch\/index.php\/sample-page\/menschen-mit-einer-beeintraechtigung\/\" \/>\n<meta property=\"og:locale\" content=\"de_DE\" \/>\n<meta property=\"og:type\" content=\"article\" \/>\n<meta property=\"og:title\" content=\"Menschen mit einer Beeintr\u00e4chtigung - Laurina Giuffrida - Sexualp\u00e4dagogik f\u00fcr Vielfalt\" \/>\n<meta property=\"og:description\" content=\"Ich begleite Menschen mit einer Beeintr\u00e4chtigung im Umgang mit ihrer Sexualit\u00e4t.\u00a0 Dabei geht es um Fragen, W\u00fcnsche oder Unsicherheiten rund um K\u00f6rper, Gef\u00fchle, Beziehungen, N\u00e4he und Grenzen.\u00a0 Gemeinsam schauen wir, was du brauchst und wie ich dich darin unterst\u00fctzen kann. M\u00f6gliche Themen Formate Rahmen Termine finden in der Regel vor Ort im gewohnten Umfeld statt [&hellip;]\" \/>\n<meta property=\"og:url\" content=\"https:\/\/www.giuffrida-sexualpaedagogik.ch\/index.php\/sample-page\/menschen-mit-einer-beeintraechtigung\/\" \/>\n<meta property=\"og:site_name\" content=\"Laurina Giuffrida - Sexualp\u00e4dagogik f\u00fcr Vielfalt\" \/>\n<meta property=\"article:modified_time\" content=\"2026-04-26T12:36:27+00:00\" \/>\n<meta name=\"twitter:card\" content=\"summary_large_image\" \/>\n<meta name=\"twitter:label1\" content=\"Gesch\u00e4tzte Lesezeit\" \/>\n\t<meta name=\"twitter:data1\" content=\"1\u00a0Minute\" \/>\n<script type=\"application\/ld+json\" class=\"yoast-schema-graph\">{\"@context\":\"https:\\\/\\\/schema.org\",\"@graph\":[{\"@type\":\"WebPage\",\"@id\":\"https:\\\/\\\/www.giuffrida-sexualpaedagogik.ch\\\/index.php\\\/sample-page\\\/menschen-mit-einer-beeintraechtigung\\\/\",\"url\":\"https:\\\/\\\/www.giuffrida-sexualpaedagogik.ch\\\/index.php\\\/sample-page\\\/menschen-mit-einer-beeintraechtigung\\\/\",\"name\":\"Menschen mit einer Beeintr\u00e4chtigung - Laurina Giuffrida - Sexualp\u00e4dagogik f\u00fcr Vielfalt\",\"isPartOf\":{\"@id\":\"https:\\\/\\\/www.giuffrida-sexualpaedagogik.ch\\\/#website\"},\"datePublished\":\"2026-04-26T11:30:24+00:00\",\"dateModified\":\"2026-04-26T12:36:27+00:00\",\"breadcrumb\":{\"@id\":\"https:\\\/\\\/www.giuffrida-sexualpaedagogik.ch\\\/index.php\\\/sample-page\\\/menschen-mit-einer-beeintraechtigung\\\/#breadcrumb\"},\"inLanguage\":\"de-CH\",\"potentialAction\":[{\"@type\":\"ReadAction\",\"target\":[\"https:\\\/\\\/www.giuffrida-sexualpaedagogik.ch\\\/index.php\\\/sample-page\\\/menschen-mit-einer-beeintraechtigung\\\/\"]}]},{\"@type\":\"BreadcrumbList\",\"@id\":\"https:\\\/\\\/www.giuffrida-sexualpaedagogik.ch\\\/index.php\\\/sample-page\\\/menschen-mit-einer-beeintraechtigung\\\/#breadcrumb\",\"itemListElement\":[{\"@type\":\"ListItem\",\"position\":1,\"name\":\"Startseite\",\"item\":\"https:\\\/\\\/www.giuffrida-sexualpaedagogik.ch\\\/\"},{\"@type\":\"ListItem\",\"position\":2,\"name\":\"Angebote\",\"item\":\"https:\\\/\\\/www.giuffrida-sexualpaedagogik.ch\\\/index.php\\\/sample-page\\\/\"},{\"@type\":\"ListItem\",\"position\":3,\"name\":\"Menschen mit einer Beeintr\u00e4chtigung\"}]},{\"@type\":\"WebSite\",\"@id\":\"https:\\\/\\\/www.giuffrida-sexualpaedagogik.ch\\\/#website\",\"url\":\"https:\\\/\\\/www.giuffrida-sexualpaedagogik.ch\\\/\",\"name\":\"Laurina Giuffrida - Sexualp\u00e4dagogik f\u00fcr Vielfalt\",\"description\":\"\",\"potentialAction\":[{\"@type\":\"SearchAction\",\"target\":{\"@type\":\"EntryPoint\",\"urlTemplate\":\"https:\\\/\\\/www.giuffrida-sexualpaedagogik.ch\\\/?s={search_term_string}\"},\"query-input\":{\"@type\":\"PropertyValueSpecification\",\"valueRequired\":true,\"valueName\":\"search_term_string\"}}],\"inLanguage\":\"de-CH\"}]}<\/script>\n<!-- \/ Yoast SEO plugin. -->","yoast_head_json":{"title":"Menschen mit einer Beeintr\u00e4chtigung - Laurina Giuffrida - Sexualp\u00e4dagogik f\u00fcr Vielfalt","robots":{"index":"index","follow":"follow","max-snippet":"max-snippet:-1","max-image-preview":"max-image-preview:large","max-video-preview":"max-video-preview:-1"},"canonical":"https:\/\/www.giuffrida-sexualpaedagogik.ch\/index.php\/sample-page\/menschen-mit-einer-beeintraechtigung\/","og_locale":"de_DE","og_type":"article","og_title":"Menschen mit einer Beeintr\u00e4chtigung - Laurina Giuffrida - Sexualp\u00e4dagogik f\u00fcr Vielfalt","og_description":"Ich begleite Menschen mit einer Beeintr\u00e4chtigung im Umgang mit ihrer Sexualit\u00e4t.\u00a0 Dabei geht es um Fragen, W\u00fcnsche oder Unsicherheiten rund um K\u00f6rper, Gef\u00fchle, Beziehungen, N\u00e4he und Grenzen.\u00a0 Gemeinsam schauen wir, was du brauchst und wie ich dich darin unterst\u00fctzen kann. M\u00f6gliche Themen Formate Rahmen Termine finden in der Regel vor Ort im gewohnten Umfeld statt [&hellip;]","og_url":"https:\/\/www.giuffrida-sexualpaedagogik.ch\/index.php\/sample-page\/menschen-mit-einer-beeintraechtigung\/","og_site_name":"Laurina Giuffrida - Sexualp\u00e4dagogik f\u00fcr Vielfalt","article_modified_time":"2026-04-26T12:36:27+00:00","twitter_card":"summary_large_image","twitter_misc":{"Gesch\u00e4tzte Lesezeit":"1\u00a0Minute"},"schema":{"@context":"https:\/\/schema.org","@graph":[{"@type":"WebPage","@id":"https:\/\/www.giuffrida-sexualpaedagogik.ch\/index.php\/sample-page\/menschen-mit-einer-beeintraechtigung\/","url":"https:\/\/www.giuffrida-sexualpaedagogik.ch\/index.php\/sample-page\/menschen-mit-einer-beeintraechtigung\/","name":"Menschen mit einer Beeintr\u00e4chtigung - Laurina Giuffrida - Sexualp\u00e4dagogik f\u00fcr Vielfalt","isPartOf":{"@id":"https:\/\/www.giuffrida-sexualpaedagogik.ch\/#website"},"datePublished":"2026-04-26T11:30:24+00:00","dateModified":"2026-04-26T12:36:27+00:00","breadcrumb":{"@id":"https:\/\/www.giuffrida-sexualpaedagogik.ch\/index.php\/sample-page\/menschen-mit-einer-beeintraechtigung\/#breadcrumb"},"inLanguage":"de-CH","potentialAction":[{"@type":"ReadAction","target":["https:\/\/www.giuffrida-sexualpaedagogik.ch\/index.php\/sample-page\/menschen-mit-einer-beeintraechtigung\/"]}]},{"@type":"BreadcrumbList","@id":"https:\/\/www.giuffrida-sexualpaedagogik.ch\/index.php\/sample-page\/menschen-mit-einer-beeintraechtigung\/#breadcrumb","itemListElement":[{"@type":"ListItem","position":1,"name":"Startseite","item":"https:\/\/www.giuffrida-sexualpaedagogik.ch\/"},{"@type":"ListItem","position":2,"name":"Angebote","item":"https:\/\/www.giuffrida-sexualpaedagogik.ch\/index.php\/sample-page\/"},{"@type":"ListItem","position":3,"name":"Menschen mit einer Beeintr\u00e4chtigung"}]},{"@type":"WebSite","@id":"https:\/\/www.giuffrida-sexualpaedagogik.ch\/#website","url":"https:\/\/www.giuffrida-sexualpaedagogik.ch\/","name":"Laurina Giuffrida - Sexualp\u00e4dagogik f\u00fcr Vielfalt","description":"","potentialAction":[{"@type":"SearchAction","target":{"@type":"EntryPoint","urlTemplate":"https:\/\/www.giuffrida-sexualpaedagogik.ch\/?s={search_term_string}"},"query-input":{"@type":"PropertyValueSpecification","valueRequired":true,"valueName":"search_term_string"}}],"inLanguage":"de-CH"}]}},"_links":{"self":[{"href":"https:\/\/www.giuffrida-sexualpaedagogik.ch\/index.php\/wp-json\/wp\/v2\/pages\/13","targetHints":{"allow":["GET"]}}],"collection":[{"href":"https:\/\/www.giuffrida-sexualpaedagogik.ch\/index.php\/wp-json\/wp\/v2\/pages"}],"about":[{"href":"https:\/\/www.giuffrida-sexualpaedagogik.ch\/index.php\/wp-json\/wp\/v2\/types\/page"}],"author":[{"embeddable":true,"href":"https:\/\/www.giuffrida-sexualpaedagogik.ch\/index.php\/wp-json\/wp\/v2\/users\/2"}],"replies":[{"embeddable":true,"href":"https:\/\/www.giuffrida-sexualpaedagogik.ch\/index.php\/wp-json\/wp\/v2\/comments?post=13"}],"version-history":[{"count":1,"href":"https:\/\/www.giuffrida-sexualpaedagogik.ch\/index.php\/wp-json\/wp\/v2\/pages\/13\/revisions"}],"predecessor-version":[{"id":14,"href":"https:\/\/www.giuffrida-sexualpaedagogik.ch\/index.php\/wp-json\/wp\/v2\/pages\/13\/revisions\/14"}],"up":[{"embeddable":true,"href":"https:\/\/www.giuffrida-sexualpaedagogik.ch\/index.php\/wp-json\/wp\/v2\/pages\/2"}],"wp:attachment":[{"href":"https:\/\/www.giuffrida-sexualpaedagogik.ch\/index.php\/wp-json\/wp\/v2\/media?parent=13"}],"curies":[{"name":"wp","href":"https:\/\/api.w.org\/{rel}","templated":true}]}}