{"id":11,"date":"2026-04-26T13:23:00","date_gmt":"2026-04-26T11:23:00","guid":{"rendered":"https:\/\/www.giuffrida-sexualpaedagogik.ch\/?page_id=11"},"modified":"2026-04-26T14:42:18","modified_gmt":"2026-04-26T12:42:18","slug":"laurina-giuffrida-sexualpaedagogik-fuer-vielfalt","status":"publish","type":"page","link":"https:\/\/www.giuffrida-sexualpaedagogik.ch\/","title":{"rendered":""},"content":{"rendered":"<h1 class=\"wp-block-site-title\"><a href=\"https:\/\/www.giuffrida-sexualpaedagogik.ch\" target=\"_self\" rel=\"home\">Laurina Giuffrida &#8211; Sexualp\u00e4dagogik f\u00fcr Vielfalt<\/a><\/h1>\n\n\n<figure class=\"wp-block-pullquote\"><blockquote><p>Viele Wege f\u00fchren nach Rom.\u00a0<br>Und manchmal merkt man, dass man ganz woanders hinm\u00f6chte.\u00a0<\/p><\/blockquote><\/figure>\n\n\n\n<p>Ich begleite Menschen mit und ohne Beeintr\u00e4chtigung sowie Fachpersonen im Umgang mit Sexualit\u00e4t.<\/p>\n\n\n\n<p>Dabei stehen individuelle Bed\u00fcrfnisse, Selbstbestimmung und ein respektvoller Umgang mit unterschiedlichen Lebensrealit\u00e4ten im Mittelpunkt.&nbsp;<\/p>\n\n\n\n<p><\/p>\n","protected":false},"excerpt":{"rendered":"<p>Viele Wege f\u00fchren nach Rom.\u00a0Und manchmal merkt man, dass man ganz woanders hinm\u00f6chte.\u00a0 Ich begleite Menschen mit und ohne Beeintr\u00e4chtigung sowie Fachpersonen im Umgang mit Sexualit\u00e4t. Dabei stehen individuelle Bed\u00fcrfnisse, Selbstbestimmung und ein respektvoller Umgang mit unterschiedlichen Lebensrealit\u00e4ten im Mittelpunkt.&nbsp;<\/p>\n","protected":false},"author":2,"featured_media":0,"parent":0,"menu_order":0,"comment_status":"closed","ping_status":"closed","template":"","meta":{"footnotes":""},"class_list":["post-11","page","type-page","status-publish","hentry"],"yoast_head":"<!-- This site is optimized with the Yoast SEO plugin v27.4 - https:\/\/yoast.com\/product\/yoast-seo-wordpress\/ -->\n<title>- Laurina Giuffrida - Sexualp\u00e4dagogik f\u00fcr Vielfalt<\/title>\n<meta name=\"robots\" content=\"index, follow, max-snippet:-1, max-image-preview:large, max-video-preview:-1\" \/>\n<link rel=\"canonical\" href=\"https:\/\/www.giuffrida-sexualpaedagogik.ch\/\" \/>\n<meta property=\"og:locale\" content=\"de_DE\" \/>\n<meta property=\"og:type\" content=\"article\" \/>\n<meta property=\"og:title\" content=\"- Laurina Giuffrida - Sexualp\u00e4dagogik f\u00fcr Vielfalt\" \/>\n<meta property=\"og:description\" content=\"Viele Wege f\u00fchren nach Rom.\u00a0Und manchmal merkt man, dass man ganz woanders hinm\u00f6chte.\u00a0 Ich begleite Menschen mit und ohne Beeintr\u00e4chtigung sowie Fachpersonen im Umgang mit Sexualit\u00e4t. Dabei stehen individuelle Bed\u00fcrfnisse, Selbstbestimmung und ein respektvoller Umgang mit unterschiedlichen Lebensrealit\u00e4ten im Mittelpunkt.&nbsp;\" \/>\n<meta property=\"og:url\" content=\"https:\/\/www.giuffrida-sexualpaedagogik.ch\/\" \/>\n<meta property=\"og:site_name\" content=\"Laurina Giuffrida - Sexualp\u00e4dagogik f\u00fcr Vielfalt\" \/>\n<meta property=\"article:modified_time\" content=\"2026-04-26T12:42:18+00:00\" \/>\n<meta name=\"twitter:card\" content=\"summary_large_image\" \/>\n<meta name=\"twitter:label1\" content=\"Gesch\u00e4tzte Lesezeit\" \/>\n\t<meta name=\"twitter:data1\" content=\"1\u00a0Minute\" \/>\n<script type=\"application\/ld+json\" class=\"yoast-schema-graph\">{\"@context\":\"https:\\\/\\\/schema.org\",\"@graph\":[{\"@type\":\"WebPage\",\"@id\":\"https:\\\/\\\/www.giuffrida-sexualpaedagogik.ch\\\/\",\"url\":\"https:\\\/\\\/www.giuffrida-sexualpaedagogik.ch\\\/\",\"name\":\"- Laurina Giuffrida - Sexualp\u00e4dagogik f\u00fcr Vielfalt\",\"isPartOf\":{\"@id\":\"https:\\\/\\\/www.giuffrida-sexualpaedagogik.ch\\\/#website\"},\"datePublished\":\"2026-04-26T11:23:00+00:00\",\"dateModified\":\"2026-04-26T12:42:18+00:00\",\"inLanguage\":\"de-CH\",\"potentialAction\":[{\"@type\":\"ReadAction\",\"target\":[\"https:\\\/\\\/www.giuffrida-sexualpaedagogik.ch\\\/\"]}]},{\"@type\":\"WebSite\",\"@id\":\"https:\\\/\\\/www.giuffrida-sexualpaedagogik.ch\\\/#website\",\"url\":\"https:\\\/\\\/www.giuffrida-sexualpaedagogik.ch\\\/\",\"name\":\"Laurina Giuffrida - Sexualp\u00e4dagogik f\u00fcr Vielfalt\",\"description\":\"\",\"potentialAction\":[{\"@type\":\"SearchAction\",\"target\":{\"@type\":\"EntryPoint\",\"urlTemplate\":\"https:\\\/\\\/www.giuffrida-sexualpaedagogik.ch\\\/?s={search_term_string}\"},\"query-input\":{\"@type\":\"PropertyValueSpecification\",\"valueRequired\":true,\"valueName\":\"search_term_string\"}}],\"inLanguage\":\"de-CH\"}]}<\/script>\n<!-- \/ Yoast SEO plugin. -->","yoast_head_json":{"title":"- Laurina Giuffrida - Sexualp\u00e4dagogik f\u00fcr Vielfalt","robots":{"index":"index","follow":"follow","max-snippet":"max-snippet:-1","max-image-preview":"max-image-preview:large","max-video-preview":"max-video-preview:-1"},"canonical":"https:\/\/www.giuffrida-sexualpaedagogik.ch\/","og_locale":"de_DE","og_type":"article","og_title":"- Laurina Giuffrida - Sexualp\u00e4dagogik f\u00fcr Vielfalt","og_description":"Viele Wege f\u00fchren nach Rom.\u00a0Und manchmal merkt man, dass man ganz woanders hinm\u00f6chte.\u00a0 Ich begleite Menschen mit und ohne Beeintr\u00e4chtigung sowie Fachpersonen im Umgang mit Sexualit\u00e4t. Dabei stehen individuelle Bed\u00fcrfnisse, Selbstbestimmung und ein respektvoller Umgang mit unterschiedlichen Lebensrealit\u00e4ten im Mittelpunkt.&nbsp;","og_url":"https:\/\/www.giuffrida-sexualpaedagogik.ch\/","og_site_name":"Laurina Giuffrida - Sexualp\u00e4dagogik f\u00fcr Vielfalt","article_modified_time":"2026-04-26T12:42:18+00:00","twitter_card":"summary_large_image","twitter_misc":{"Gesch\u00e4tzte Lesezeit":"1\u00a0Minute"},"schema":{"@context":"https:\/\/schema.org","@graph":[{"@type":"WebPage","@id":"https:\/\/www.giuffrida-sexualpaedagogik.ch\/","url":"https:\/\/www.giuffrida-sexualpaedagogik.ch\/","name":"- Laurina Giuffrida - Sexualp\u00e4dagogik f\u00fcr Vielfalt","isPartOf":{"@id":"https:\/\/www.giuffrida-sexualpaedagogik.ch\/#website"},"datePublished":"2026-04-26T11:23:00+00:00","dateModified":"2026-04-26T12:42:18+00:00","inLanguage":"de-CH","potentialAction":[{"@type":"ReadAction","target":["https:\/\/www.giuffrida-sexualpaedagogik.ch\/"]}]},{"@type":"WebSite","@id":"https:\/\/www.giuffrida-sexualpaedagogik.ch\/#website","url":"https:\/\/www.giuffrida-sexualpaedagogik.ch\/","name":"Laurina Giuffrida - Sexualp\u00e4dagogik f\u00fcr Vielfalt","description":"","potentialAction":[{"@type":"SearchAction","target":{"@type":"EntryPoint","urlTemplate":"https:\/\/www.giuffrida-sexualpaedagogik.ch\/?s={search_term_string}"},"query-input":{"@type":"PropertyValueSpecification","valueRequired":true,"valueName":"search_term_string"}}],"inLanguage":"de-CH"}]}},"_links":{"self":[{"href":"https:\/\/www.giuffrida-sexualpaedagogik.ch\/index.php\/wp-json\/wp\/v2\/pages\/11","targetHints":{"allow":["GET"]}}],"collection":[{"href":"https:\/\/www.giuffrida-sexualpaedagogik.ch\/index.php\/wp-json\/wp\/v2\/pages"}],"about":[{"href":"https:\/\/www.giuffrida-sexualpaedagogik.ch\/index.php\/wp-json\/wp\/v2\/types\/page"}],"author":[{"embeddable":true,"href":"https:\/\/www.giuffrida-sexualpaedagogik.ch\/index.php\/wp-json\/wp\/v2\/users\/2"}],"replies":[{"embeddable":true,"href":"https:\/\/www.giuffrida-sexualpaedagogik.ch\/index.php\/wp-json\/wp\/v2\/comments?post=11"}],"version-history":[{"count":5,"href":"https:\/\/www.giuffrida-sexualpaedagogik.ch\/index.php\/wp-json\/wp\/v2\/pages\/11\/revisions"}],"predecessor-version":[{"id":40,"href":"https:\/\/www.giuffrida-sexualpaedagogik.ch\/index.php\/wp-json\/wp\/v2\/pages\/11\/revisions\/40"}],"wp:attachment":[{"href":"https:\/\/www.giuffrida-sexualpaedagogik.ch\/index.php\/wp-json\/wp\/v2\/media?parent=11"}],"curies":[{"name":"wp","href":"https:\/\/api.w.org\/{rel}","templated":true}]}}